{"id":17,"date":"2025-09-24T11:30:49","date_gmt":"2025-09-24T09:30:49","guid":{"rendered":"http:\/\/flutte.fr\/?page_id=17"},"modified":"2026-01-28T18:45:03","modified_gmt":"2026-01-28T17:45:03","slug":"groupe","status":"publish","type":"page","link":"https:\/\/flutte.fr\/index.php\/groupe\/","title":{"rendered":"Bio"},"content":{"rendered":"\t\t<div data-elementor-type=\"wp-page\" data-elementor-id=\"17\" class=\"elementor elementor-17\">\n\t\t\t\t<div class=\"elementor-element elementor-element-5ea406c e-flex e-con-boxed e-con e-parent\" data-id=\"5ea406c\" data-element_type=\"container\">\n\t\t\t\t\t<div class=\"e-con-inner\">\n\t\t\t\t<div class=\"elementor-element elementor-element-006020d elementor-widget elementor-widget-heading\" data-id=\"006020d\" data-element_type=\"widget\" data-widget_type=\"heading.default\">\n\t\t\t\t\t<h2 class=\"elementor-heading-title elementor-size-default\">Bio<\/h2>\t\t\t\t<\/div>\n\t\t\t\t\t<\/div>\n\t\t\t\t<\/div>\n\t\t<div class=\"elementor-element elementor-element-1f40a37 e-flex e-con-boxed e-con e-parent\" data-id=\"1f40a37\" data-element_type=\"container\">\n\t\t\t\t\t<div class=\"e-con-inner\">\n\t\t\t\t<div class=\"elementor-element elementor-element-515568e elementor-invisible elementor-widget elementor-widget-image\" data-id=\"515568e\" data-element_type=\"widget\" data-settings=\"{&quot;_animation&quot;:&quot;fadeIn&quot;}\" data-widget_type=\"image.default\">\n\t\t\t\t\t\t\t\t\t\t\t\t\t\t\t\t<a href=\"https:\/\/flutte.fr\/wp-content\/uploads\/2025\/10\/Flutte-2-1-scaled-e1760648760409.jpg\" data-elementor-open-lightbox=\"yes\" data-elementor-lightbox-title=\"Flutte 2\" data-e-action-hash=\"#elementor-action%3Aaction%3Dlightbox%26settings%3DeyJpZCI6Nzg2LCJ1cmwiOiJodHRwczpcL1wvZmx1dHRlLmZyXC93cC1jb250ZW50XC91cGxvYWRzXC8yMDI1XC8xMFwvRmx1dHRlLTItMS1zY2FsZWQtZTE3NjA2NDg3NjA0MDkuanBnIn0%3D\">\n\t\t\t\t\t\t\t<img fetchpriority=\"high\" decoding=\"async\" width=\"1280\" height=\"625\" src=\"https:\/\/flutte.fr\/wp-content\/uploads\/2025\/10\/Flutte-2-1-scaled-e1760648760409.jpg\" class=\"attachment-full size-full wp-image-786\" alt=\"\" \/>\t\t\t\t\t\t\t\t<\/a>\n\t\t\t\t\t\t\t\t\t\t\t\t\t\t\t<\/div>\n\t\t\t\t\t<\/div>\n\t\t\t\t<\/div>\n\t\t<div class=\"elementor-element elementor-element-72c3a21 e-flex e-con-boxed e-con e-parent\" data-id=\"72c3a21\" data-element_type=\"container\">\n\t\t\t\t\t<div class=\"e-con-inner\">\n\t\t<div class=\"elementor-element elementor-element-bca7e5f e-con-full e-flex e-con e-child\" data-id=\"bca7e5f\" data-element_type=\"container\">\n\t\t\t\t<div class=\"elementor-element elementor-element-02b2bd0 elementor-widget elementor-widget-text-editor\" data-id=\"02b2bd0\" data-element_type=\"widget\" data-widget_type=\"text-editor.default\">\n\t\t\t\t\t\t\t\t\t<p><strong>SYLVIA DARRICAU<\/strong> explore, depuis petite, les territoires vastes de l\u2019expression, pour r\u00e9guler un ascenseur \u00e9motionnel hors de contr\u00f4le. Plut\u00f4t que de devenir invivable pour ses parents, elle va chercher le grand frisson dans les pratiques musicales et chor\u00e9graphiques et d\u00e9couvre que de se produire devant un public \u201c\u00e7a fait p\u00e9ter l\u2019arc-en-ciel de l\u2019adr\u00e9naline\u201d, comme dirait Babouillec.<\/p>\n<p>Engag\u00e9e professionnellement dans la cr\u00e9ation d\u2019\u00e9v\u00e9nements culturels et l\u2019accompagnement des publics, elle d\u00e9veloppe une sensibilit\u00e9 politique et sociale qui l\u2019am\u00e8ne \u00e0 soutenir des projets valorisant les pratiques amateures et l\u2019attention aux personnes pr\u00e9caires. En parall\u00e8le, elle continue la danse, enrichit sa technique vocale et d\u00e9veloppe sa formation musicale.<\/p>\n<p>Quand FluTTe commence \u00e0 modeler son univers, elle y apporte la dimension corporelle et clownesque, la recherche de personnages et de situations, l\u2019exploration vocale et son go\u00fbt de l\u2019improvisation dans l\u2019interpr\u00e9tation. Quelque part dans un coin de sa t\u00eate, Nina Hagen, Brigitte Fontaine et Catherine Ringer sont l\u00e0 pour l\u2019inspirer et lui souffler que tout est possible.<\/p>\t\t\t\t\t\t\t\t<\/div>\n\t\t\t\t<\/div>\n\t\t<div class=\"elementor-element elementor-element-515ae7f e-con-full e-flex e-con e-child\" data-id=\"515ae7f\" data-element_type=\"container\">\n\t\t\t\t<div class=\"elementor-element elementor-element-95ae914 elementor-widget__width-initial elementor-widget elementor-widget-text-editor\" data-id=\"95ae914\" data-element_type=\"widget\" data-widget_type=\"text-editor.default\">\n\t\t\t\t\t\t\t\t\t<p><strong>J\u00c9R\u00c9MIE BUTTIN<\/strong> d\u00e9bute dans la musique par un trauma, pouss\u00e9 \u00e0 jouer de la fl\u00fbte \u00e0 bec d\u00e9guis\u00e9 en fraise lors d\u2019une repr\u00e9sentation de fin d\u2019ann\u00e9e de CM2. A l\u2019\u00e2ge o\u00f9 sa voix se met \u00e0 rouler sur des nids de poule, il apprend la clarinette, puis la guitare et la MAO.<span class=\"Apple-converted-space\">\u00a0<\/span><\/p><p>Plus tard, sa formation en musique \u00e9lectroacoustique et ses pratiques artistiques diverses le conduisent \u00e0 d\u00e9velopper des approches transdisciplinaires, souvent fantasques. Il participe ainsi \u00e0 la cr\u00e9ation du collectif L\u2019Emoi sonneur \u00e0 Vitry-sur-Seine, commen\u00e7ant par faire surgir des grognements de sangliers dans les jardins publics en cachant des haut-parleurs dans les buissons.<\/p><p>Par ailleurs enseignant en design d\u2019espace et sensible aux d\u00e9marches d\u2019\u00e9ducation populaire, il m\u00e8ne avec ses \u00e9tudiant.e.s une r\u00e9flexion sur les \u00abalternatives urbaines\u00bb \u00e0 m\u00eame de favoriser des dynamiques sociales et \u00e9cologiques positives et vivantes.<\/p><p>Il trouve en FluTTe une voie nouvelle pour partager son regard sur le monde. Il y d\u00e9ploie sa passion pour la mati\u00e8re sonore, d\u00e9couvre le plaisir de l\u2019\u00e9criture et sombre dans un extr\u00e9misme de la rime, addiction non soign\u00e9e \u00e0 ce jour.<span class=\"Apple-converted-space\">\u00a0<\/span><\/p>\t\t\t\t\t\t\t\t<\/div>\n\t\t\t\t<\/div>\n\t\t\t\t\t<\/div>\n\t\t\t\t<\/div>\n\t\t\t\t<\/div>\n\t\t","protected":false},"excerpt":{"rendered":"<p>Bio SYLVIA DARRICAU explore, depuis petite, les territoires vastes de l\u2019expression, pour r\u00e9guler un ascenseur \u00e9motionnel hors de contr\u00f4le. Plut\u00f4t que de devenir invivable pour ses parents, elle va chercher le grand frisson dans les pratiques musicales et chor\u00e9graphiques et d\u00e9couvre que de se produire devant un public \u201c\u00e7a fait p\u00e9ter l\u2019arc-en-ciel de l\u2019adr\u00e9naline\u201d, comme [&hellip;]<\/p>\n","protected":false},"author":1,"featured_media":0,"parent":0,"menu_order":0,"comment_status":"closed","ping_status":"closed","template":"","meta":{"footnotes":""},"class_list":["post-17","page","type-page","status-publish"],"_links":{"self":[{"href":"https:\/\/flutte.fr\/index.php\/wp-json\/wp\/v2\/pages\/17","targetHints":{"allow":["GET"]}}],"collection":[{"href":"https:\/\/flutte.fr\/index.php\/wp-json\/wp\/v2\/pages"}],"about":[{"href":"https:\/\/flutte.fr\/index.php\/wp-json\/wp\/v2\/types\/page"}],"author":[{"embeddable":true,"href":"https:\/\/flutte.fr\/index.php\/wp-json\/wp\/v2\/users\/1"}],"replies":[{"embeddable":true,"href":"https:\/\/flutte.fr\/index.php\/wp-json\/wp\/v2\/comments?post=17"}],"version-history":[{"count":53,"href":"https:\/\/flutte.fr\/index.php\/wp-json\/wp\/v2\/pages\/17\/revisions"}],"predecessor-version":[{"id":1106,"href":"https:\/\/flutte.fr\/index.php\/wp-json\/wp\/v2\/pages\/17\/revisions\/1106"}],"wp:attachment":[{"href":"https:\/\/flutte.fr\/index.php\/wp-json\/wp\/v2\/media?parent=17"}],"curies":[{"name":"wp","href":"https:\/\/api.w.org\/{rel}","templated":true}]}}