{"id":424,"date":"2025-09-28T12:14:01","date_gmt":"2025-09-28T10:14:01","guid":{"rendered":"http:\/\/flutte.fr\/?page_id=424"},"modified":"2025-09-28T20:26:15","modified_gmt":"2025-09-28T18:26:15","slug":"presse","status":"publish","type":"page","link":"https:\/\/flutte.fr\/index.php\/presse\/","title":{"rendered":"Presse"},"content":{"rendered":"\t\t<div data-elementor-type=\"wp-page\" data-elementor-id=\"424\" class=\"elementor elementor-424\">\n\t\t\t\t<div class=\"elementor-element elementor-element-dccb978 e-flex e-con-boxed e-con e-parent\" data-id=\"dccb978\" data-element_type=\"container\">\n\t\t\t\t\t<div class=\"e-con-inner\">\n\t\t\t\t<div class=\"elementor-element elementor-element-1e0e7bc elementor-widget elementor-widget-heading\" data-id=\"1e0e7bc\" data-element_type=\"widget\" data-widget_type=\"heading.default\">\n\t\t\t\t\t<h2 class=\"elementor-heading-title elementor-size-default\">Presse<\/h2>\t\t\t\t<\/div>\n\t\t\t\t\t<\/div>\n\t\t\t\t<\/div>\n\t\t<div class=\"elementor-element elementor-element-448716a e-flex e-con-boxed e-con e-parent\" data-id=\"448716a\" data-element_type=\"container\">\n\t\t\t\t\t<div class=\"e-con-inner\">\n\t\t\t\t<div class=\"elementor-element elementor-element-25c8459 elementor-widget elementor-widget-image\" data-id=\"25c8459\" data-element_type=\"widget\" data-widget_type=\"image.default\">\n\t\t\t\t\t\t\t\t\t\t\t\t\t\t\t<img fetchpriority=\"high\" decoding=\"async\" width=\"768\" height=\"712\" src=\"https:\/\/flutte.fr\/wp-content\/uploads\/2025\/09\/Article-Nos-Enchanteurs-2023-768x712.webp\" class=\"attachment-medium_large size-medium_large wp-image-426\" alt=\"\" srcset=\"https:\/\/flutte.fr\/wp-content\/uploads\/2025\/09\/Article-Nos-Enchanteurs-2023-768x712.webp 768w, https:\/\/flutte.fr\/wp-content\/uploads\/2025\/09\/Article-Nos-Enchanteurs-2023-300x278.webp 300w, https:\/\/flutte.fr\/wp-content\/uploads\/2025\/09\/Article-Nos-Enchanteurs-2023-1024x950.webp 1024w, https:\/\/flutte.fr\/wp-content\/uploads\/2025\/09\/Article-Nos-Enchanteurs-2023.webp 1265w\" sizes=\"(max-width: 768px) 100vw, 768px\" \/>\t\t\t\t\t\t\t\t\t\t\t\t\t\t\t<\/div>\n\t\t\t\t<div class=\"elementor-element elementor-element-299313d elementor-widget elementor-widget-button\" data-id=\"299313d\" data-element_type=\"widget\" data-widget_type=\"button.default\">\n\t\t\t\t\t\t\t\t\t\t<a class=\"elementor-button elementor-button-link elementor-size-sm\" href=\"https:\/\/www.nosenchanteurs.eu\/index.php\/2023\/07\/20\/avignon-off-2023-ah-ben-flutte-alors\/\">\n\t\t\t\t\t\t<span class=\"elementor-button-content-wrapper\">\n\t\t\t\t\t\t\t\t\t<span class=\"elementor-button-text\">Lien de l'article<\/span>\n\t\t\t\t\t<\/span>\n\t\t\t\t\t<\/a>\n\t\t\t\t\t\t\t\t<\/div>\n\t\t\t\t\t<\/div>\n\t\t\t\t<\/div>\n\t\t<div class=\"elementor-element elementor-element-a8b1d46 e-flex e-con-boxed e-con e-parent\" data-id=\"a8b1d46\" data-element_type=\"container\">\n\t\t\t\t\t<div class=\"e-con-inner\">\n\t\t\t\t<div class=\"elementor-element elementor-element-5400c00 elementor-widget elementor-widget-spacer\" data-id=\"5400c00\" data-element_type=\"widget\" data-widget_type=\"spacer.default\">\n\t\t\t\t\t\t\t<div class=\"elementor-spacer\">\n\t\t\t<div class=\"elementor-spacer-inner\"><\/div>\n\t\t<\/div>\n\t\t\t\t\t\t<\/div>\n\t\t\t\t<div class=\"elementor-element elementor-element-0fd22ba elementor-widget elementor-widget-heading\" data-id=\"0fd22ba\" data-element_type=\"widget\" data-widget_type=\"heading.default\">\n\t\t\t\t\t<h2 class=\"elementor-heading-title elementor-size-default\">\" Off Avignon 2023. Ah ben... FluTTe, alors !\"<\/h2>\t\t\t\t<\/div>\n\t\t\t\t\t<\/div>\n\t\t\t\t<\/div>\n\t\t<div class=\"elementor-element elementor-element-8b159a2 e-flex e-con-boxed e-con e-parent\" data-id=\"8b159a2\" data-element_type=\"container\">\n\t\t\t\t\t<div class=\"e-con-inner\">\n\t\t\t\t<div class=\"elementor-element elementor-element-bea62ac elementor-widget elementor-widget-heading\" data-id=\"bea62ac\" data-element_type=\"widget\" data-widget_type=\"heading.default\">\n\t\t\t\t\t<h2 class=\"elementor-heading-title elementor-size-default\">Nos Enchanteurs<\/h2>\t\t\t\t<\/div>\n\t\t\t\t<div class=\"elementor-element elementor-element-69eb048 elementor-widget elementor-widget-heading\" data-id=\"69eb048\" data-element_type=\"widget\" data-widget_type=\"heading.default\">\n\t\t\t\t\t<h2 class=\"elementor-heading-title elementor-size-default\">par Franck Halimi<\/h2>\t\t\t\t<\/div>\n\t\t\t\t\t<\/div>\n\t\t\t\t<\/div>\n\t\t<div class=\"elementor-element elementor-element-5e65c90 e-flex e-con-boxed e-con e-parent\" data-id=\"5e65c90\" data-element_type=\"container\">\n\t\t\t\t\t<div class=\"e-con-inner\">\n\t\t\t\t<div class=\"elementor-element elementor-element-7c24f75 elementor-widget elementor-widget-spacer\" data-id=\"7c24f75\" data-element_type=\"widget\" data-widget_type=\"spacer.default\">\n\t\t\t\t\t\t\t<div class=\"elementor-spacer\">\n\t\t\t<div class=\"elementor-spacer-inner\"><\/div>\n\t\t<\/div>\n\t\t\t\t\t\t<\/div>\n\t\t\t\t<div class=\"elementor-element elementor-element-cbac03a elementor-widget elementor-widget-text-editor\" data-id=\"cbac03a\" data-element_type=\"widget\" data-widget_type=\"text-editor.default\">\n\t\t\t\t\t\t\t\t\t<p>Il est des spectacles qui vous nourrissent, d\u2019autres qui vous enthousiasment, quand d\u2019autres encore vous emmerdent, vous indiff\u00e8rent, vous soul\u00e8vent de terre ou vous endorment. Et puis, il y a ceux qui vont vous rester, parce qu\u2019ils auront \u00e9veill\u00e9 en vous quelque chose que vous ignoriez de vous-m\u00eame. Celui du duo FluTTe intitul\u00e9 Concert \u00e0 gauche apr\u00e8s le feu est de ce tonneau-l\u00e0\u2026<\/p><p>(&#8230;)<\/p><p>Enfin, je m\u2019assois et suis pr\u00eat \u00e0 tout. L\u2019immense plateau \u00e0 vue est habit\u00e9 par une sc\u00e9nographie \u00e0 mi-chemin entre int\u00e9rieur pseudo-luxueux, environnement v\u00e9g\u00e9tal et glaciaire, dance-floor et zone militaris\u00e9e\u00a0: une esp\u00e8ce d\u2019espace \u00e0 la fois intrigant et rassurant. Et puis, \u00e7a commence\u2026<\/p><p>V\u00eatue d\u2019un justaucorps et d\u2019un tutu noir, une femme s\u2019approche du micro et entonne Lascia ch\u2019io pianga de Haendel avec une belle et pleine voix de soprano lyrique tr\u00e8s vite superpos\u00e9e par une voix off f\u00e9minine atone \u00ab Ce morceau tr\u00e8s plaintif r\u00e9sonne avec la p\u00e9riode de merde que nous traversons. Ah si\u2026 c\u2019est une belle p\u00e9riode de merde. \u00bb Le ton est donn\u00e9 : nous sommes manifestement dans un spectacle qui ne se prend pas au s\u00e9rieux. Un grand \u00e9chalas tout de blanc v\u00eatu &#8211; avec une capuche improbable lui mangeant le visage\u00a0&#8211; l\u2019accompagne \u00e0 la clarinette basse. La voix off nous pr\u00e9vient alors qu\u2019il va nous imposer un sol di\u00e8se improbable\u2026 ce qui ne manque pas d\u2019arriver dans la seconde qui suit. Alors, OK\u2026 le loufoque est de mise et, perso, \u00e7a me va bien, parce que, entre les classiques revisit\u00e9s, les one-man shows grosse ficelle, les textes contemporains plaintifs et les spectacles chanson exp\u00e9rimentaux, j\u2019avoue que, \u00e0 quatre exceptions pr\u00e8s jusqu\u2019alors, ce Festival Off 2023 est loin de d\u00e9cha\u00eener mon enthousiasme. Je me marre donc d\u2019embl\u00e9e tout en prenant conscience du bien que cela me fait !<\/p><p>Et la suite est \u00e0 l\u2019avenant : la premi\u00e8re chanson intitul\u00e9e Politesse continue de nous immerger dans \u00ab l\u2019oc\u00e9an pas si flic\u00a0\u00bb de nos deux \u00e9nergum\u00e8nes : \u00ab As-tu d\u00e9j\u00e0 regrett\u00e9 d\u2019avoir salu\u00e9 d\u2019un geste de la main, alors que tu le hais, ton voisin qui a taill\u00e9 sa haie \u00e0 5H du matin ? Sourire forc\u00e9, les dents serr\u00e9es, politesse, mes fesses !\u00a0\u00bb \u2026<\/p><p>\u00ab Et toi, petit CRS, tu n\u2019aimes pas la gentillesse ? Tu n\u2019aimes pas la politesse ? Tu pr\u00e9f\u00e8res \u00e9borgner des gens ? Tu sais pas faire autrement ? Mais pour vivre en soci\u00e9t\u00e9, il faut utiliser ce que Karl Popper a nomm\u00e9 \u00ab\u00a0la fonction stimulative du langage \u00bb\u2026 On comprend alors que, si ces deux-l\u00e0 ont du fond, ils ont choisi une forme fort insolite pour faire passer leur message.<\/p><p>Et quand, dans Bien serr\u00e9es, ils \u00e9voquent la p\u00e9riode du covid et le manque de contact qu\u2019elle a engendr\u00e9, c\u2019est \u00e0 leur fa\u00e7on singuli\u00e8re, tout en effectuant les chor\u00e9graphies de La danse des canards et \u00c0 la queue leu-leu : \u00ab Les serviettes ont cess\u00e9 de tourner, salle des f\u00eates et queue leu-leu couvre-feu, pas bon pour le moral ! Regretter le bal masqu\u00e9 oh\u00e9 oh\u00e9\u2026 \u00bb L\u2019humour devient alors \u00ab l\u2019impolitesse du d\u00e9sespoir \u00bb et, sous le feu de la f\u00eate \u00e0 neu-neu, couvent les braises d\u2019une r\u00e9volte qui ne demande qu\u2019\u00e0 exploser. Et puis, dans une articulation subtile, Bunker et Boxon nous parlent des apparences (des app\u00e2ts rances ?) et de l\u2019enfermement auxquels chacun d\u2019entre-nous est, un jour ou l\u2019autre, confront\u00e9 dans cette soci\u00e9t\u00e9-l\u00e0.<\/p><p>\u00ab Je t\u2019ai kidnapp\u00e9, toi mon directeur, pour une le\u00e7on de morale, en c\u0153ur de for\u00eat, bien isol\u00e9s, apr\u00e8s des heures de cavale. Ne sois pas f\u00e2ch\u00e9, m\u00eame attach\u00e9, tu restes mon \u00e9gal. Mais, pour l\u2019occasion, je dois ligoter tes pulsions lib\u00e9rales. Craquement vert de petit bois, j\u2019entends ton c\u0153ur qui bat \u00bb. En r\u00e9alit\u00e9, le sujet de ce spectacle n\u2019est, ni plus ni moins, que celui de la lutte des classes. Et Sylvia Darricau &amp; J\u00e9r\u00e9mie Buttin font passer nombre de travers qui traversent notre soci\u00e9t\u00e9 au travers du chas de leur aiguille -qui pique autant qu\u2019elle coud- en nous contant le co\u00fbt humain de ces choix oligarchiques impos\u00e9s au plus grand nombre. Mais, il le font avec tellement de fausse candeur et de talent, que le rire, comme un bouclier, prot\u00e8ge le spectateur de leurs \u00e9clats qui pourraient se r\u00e9v\u00e9ler sanglants. (&#8230;)<\/p><p>Leur musique est, elle aussi, un harmonieux m\u00e9tissage de classique, de musique concr\u00e8te, de pop, de chanson (d\u2019aucune rive que ce soit), de lyrique, de rock et d\u2019\u00e9lectro. Car, outre sa clarinette basse, J\u00e9r\u00e9mie joue (fort bien) de la guitare et des machines, offrant \u00e0 nos ou\u00efes reconnaissantes des m\u00e9lodies rafraichissantes et ent\u00eatantes qui collent \u00e0 merveille aux paroles d\u00e9jant\u00e9es de ces chansons \u00ab open age \u00bb comme j\u2019ai envie de les qualifier. Car, s\u2019ils ont leur propre style, il n\u2019est pas pour autant imp\u00e9n\u00e9trable. Et tout nous touche dans ce spectacle subtilement intitul\u00e9 Concert \u00e0 gauche apr\u00e8s le feu. Car, oui, il s\u2019agit bien d\u2019un \u00ab concert \u00bb, qu\u2019il est r\u00e9solument, assur\u00e9ment et assum\u00e9ment \u00ab\u00a0\u00e0 gauche \u00bb et que \u00ab le feu \u00bb \u00e9voqu\u00e9 plus haut nous br\u00fble d\u00e9j\u00e0 depuis belle lurette, et ce ne sont pas les r\u00e9centes \u00ab r\u00e9voltes \u00bb qui vont venir contredire le propos !<\/p><p>Et outre les sujets pr\u00e9c\u00e9demment \u00e9voqu\u00e9s, \u00ab progr\u00e8s \u00bb, \u00e9cologie, d\u00e9veloppement personnel, toute cette \u00ab soci\u00e9t\u00e9 de consumation \u00bb est trait\u00e9e au lance-flammes par FluTTe, qui a la d\u00e9licatesse de ne pas nous jouer du pipeau en la mati\u00e8re. \u00ab Les satellites rep\u00e8rent nos positions cellulaires, nos donn\u00e9es s\u2019envolent vers ces satan\u00e9es paraboles. Ras-le-bol, j\u2019en peux plus de ces traceurs qui m\u2019collent au cul : je r\u00eave d\u2019une guinguette bien paum\u00e9e o\u00f9 Internet s\u2019rait d\u00e9zingu\u00e9. \u00bb On en revient donc immanquablement \u00e0 l\u2019humain. Et \u00e0 l\u2019instar de la c\u00e9l\u00e8bre citation abusivement attribu\u00e9e \u00e0 Michel Audiard &#8211; \u00ab Bienheureux les f\u00eal\u00e9s, car ils laisseront passer la lumi\u00e8re\u00a0\u00bb\u00a0-, si Sylvia &amp; J\u00e9r\u00e9mie nous ont \u00ab mythes raill\u00e9s\u00a0\u00bb de leur feu nourri, ils ont surtout su \u00e9clairer la sombritude ambiante d\u2019un quotidien qui n\u2019a de cesse de nous faire des cendres\u00a0:\u00a0\u00ab Quant \u00e0 moi, \u00f4 rage, \u00f4 d\u00e9sespoir, \u00e0 l\u2019\u00e2ge o\u00f9 la sagesse est d\u2019usage, je tartine tout en noir, je bassine mon entourage, j\u2019en fais des caisses, je stresse, je couine, Drama Queen !\u00a0\u00bb.<\/p><p>Et puisque je parle d\u2019\u00e9clairer, comment passer sous silence le remarquable travail d\u2019\u00c9ric Bellev\u00e8gue, qui a su s\u2019inspirer des diff\u00e9rentes ambiances musicales pour offrir \u00e0 la sc\u00e9no et aux musiciens les pinceaux de lumi\u00e8res et le relief qu\u2019ils m\u00e9ritent ? Sans oublier les inter-chansons &#8211; v\u00e9ritables petits bijoux burlesques -, ni l\u2019accompagnement \u00e0 la mise en sc\u00e8ne d\u2019Olivier Germain-Noureux et le regard ext\u00e9rieur de Sara Louis, tout comme l\u2019utilisation des corps\u2026 Je ne \u00ab divulg\u00e2cherai \u00bb pas la fin d\u2019un spectacle r\u00e9gl\u00e9 au petit poil qui, hormis le sol di\u00e8se du d\u00e9but, ne rec\u00e8le aucune fausse note et s\u2019av\u00e8re \u00eatre une m\u00e9canique de pr\u00e9cision, voire une v\u00e9ritable machine de guerre contre la morosit\u00e9 ambiante. Concert \u00e0 gauche apr\u00e8s le feu risque fort de laisser les braises couver avant que ne renaisse le brasier d\u2019une r\u00e9volte attendue de la chanson. En effet, il m\u2019a totalement r\u00e9veill\u00e9 et rappel\u00e9 mon fameux dicton : qui trop embrase, mal \u00e9teint !<\/p><p>F.H.<\/p>\t\t\t\t\t\t\t\t<\/div>\n\t\t\t\t\t<\/div>\n\t\t\t\t<\/div>\n\t\t\t\t<\/div>\n\t\t","protected":false},"excerpt":{"rendered":"<p>Presse Lien de l&rsquo;article \u00a0\u00bb Off Avignon 2023. Ah ben&#8230; FluTTe, alors !\u00a0\u00bb Nos Enchanteurs par Franck Halimi Il est des spectacles qui vous nourrissent, d\u2019autres qui vous enthousiasment, quand d\u2019autres encore vous emmerdent, vous indiff\u00e8rent, vous soul\u00e8vent de terre ou vous endorment. Et puis, il y a ceux qui vont vous rester, parce qu\u2019ils [&hellip;]<\/p>\n","protected":false},"author":1,"featured_media":0,"parent":0,"menu_order":0,"comment_status":"closed","ping_status":"closed","template":"","meta":{"footnotes":""},"class_list":["post-424","page","type-page","status-publish"],"_links":{"self":[{"href":"https:\/\/flutte.fr\/index.php\/wp-json\/wp\/v2\/pages\/424","targetHints":{"allow":["GET"]}}],"collection":[{"href":"https:\/\/flutte.fr\/index.php\/wp-json\/wp\/v2\/pages"}],"about":[{"href":"https:\/\/flutte.fr\/index.php\/wp-json\/wp\/v2\/types\/page"}],"author":[{"embeddable":true,"href":"https:\/\/flutte.fr\/index.php\/wp-json\/wp\/v2\/users\/1"}],"replies":[{"embeddable":true,"href":"https:\/\/flutte.fr\/index.php\/wp-json\/wp\/v2\/comments?post=424"}],"version-history":[{"count":24,"href":"https:\/\/flutte.fr\/index.php\/wp-json\/wp\/v2\/pages\/424\/revisions"}],"predecessor-version":[{"id":512,"href":"https:\/\/flutte.fr\/index.php\/wp-json\/wp\/v2\/pages\/424\/revisions\/512"}],"wp:attachment":[{"href":"https:\/\/flutte.fr\/index.php\/wp-json\/wp\/v2\/media?parent=424"}],"curies":[{"name":"wp","href":"https:\/\/api.w.org\/{rel}","templated":true}]}}